{"id":466,"date":"2022-03-29T20:43:48","date_gmt":"2022-03-29T20:43:48","guid":{"rendered":"http:\/\/localhost:8888\/wordpress\/?page_id=466"},"modified":"2022-04-15T20:22:04","modified_gmt":"2022-04-15T20:22:04","slug":"sacre-coeur","status":"publish","type":"page","link":"https:\/\/veloego.com\/en\/sacre-coeur\/","title":{"rendered":"Sacr\u00e9-Coeur"},"content":{"rendered":"<div class=\"wp-block-columns are-vertically-aligned-top is-layout-flex wp-container-4 wp-block-columns-is-layout-flex\" style=\"padding-top:0px;padding-right:0px;padding-bottom:0px;padding-left:0px\">\n<div class=\"wp-block-column is-vertically-aligned-top is-layout-flow wp-block-column-is-layout-flow\" style=\"flex-basis:500px\">\n<figure class=\"wp-block-image size-large\"><img decoding=\"async\" loading=\"lazy\" width=\"768\" height=\"1024\" src=\"http:\/\/veloego.com\/wp-content\/uploads\/2022\/04\/E-GO-SC-2-768x1024.jpg\" alt=\"\" class=\"wp-image-613\" srcset=\"https:\/\/veloego.com\/wp-content\/uploads\/2022\/04\/E-GO-SC-2-768x1024.jpg 768w, https:\/\/veloego.com\/wp-content\/uploads\/2022\/04\/E-GO-SC-2-225x300.jpg 225w, https:\/\/veloego.com\/wp-content\/uploads\/2022\/04\/E-GO-SC-2-1152x1536.jpg 1152w, https:\/\/veloego.com\/wp-content\/uploads\/2022\/04\/E-GO-SC-2.jpg 1536w\" sizes=\"(max-width: 768px) 100vw, 768px\" \/><\/figure>\n\n\n\n<figure class=\"wp-block-image size-large\"><img decoding=\"async\" loading=\"lazy\" width=\"1024\" height=\"1024\" src=\"http:\/\/veloego.com\/wp-content\/uploads\/2022\/04\/fatbike-1024x1024.jpg\" alt=\"\" class=\"wp-image-647\" srcset=\"https:\/\/veloego.com\/wp-content\/uploads\/2022\/04\/fatbike-1024x1024.jpg 1024w, https:\/\/veloego.com\/wp-content\/uploads\/2022\/04\/fatbike-300x300.jpg 300w, https:\/\/veloego.com\/wp-content\/uploads\/2022\/04\/fatbike-150x150.jpg 150w, https:\/\/veloego.com\/wp-content\/uploads\/2022\/04\/fatbike-768x768.jpg 768w, https:\/\/veloego.com\/wp-content\/uploads\/2022\/04\/fatbike-12x12.jpg 12w, https:\/\/veloego.com\/wp-content\/uploads\/2022\/04\/fatbike.jpg 1079w\" sizes=\"(max-width: 1024px) 100vw, 1024px\" \/><\/figure>\n<\/div>\n\n\n\n<div class=\"wp-block-column is-vertically-aligned-top is-layout-flow wp-block-column-is-layout-flow\" style=\"flex-basis:1250px\">\n<p><strong>WELCOME AT OUR SACR\u00c9-COEUR'S BIKE SHOP !!<\/strong><\/p>\n\n\n\n<p>Landscaped trails and\/or rides on the edge of the Saguenay Fjord!!<\/p>\n\n\n\n<p>Try the winter experience with one of our Fat Bike!!<\/p>\n\n\n\n<p><\/p>\n\n\n\n<p><strong>INFORMATIONS:<\/strong><\/p>\n\n\n\n<p>OUVERT from 9H00 to 17H00<\/p>\n\n\n\n<p><\/p>\n\n\n\n<p><a rel=\"noreferrer noopener\" href=\"https:\/\/www.google.com\/maps\/dir\/?api=1&amp;destination=48.224394224616%2C-69.869992677122&amp;fbclid=IwAR09sXhWJtB-t1Y0tOKOD9db0qL_Li14zUvd-zTh5PGhG-KEOETqv1Op7to\" target=\"_blank\">303 Chemin de l'Anse de Roche,<\/a><br><a rel=\"noreferrer noopener\" href=\"https:\/\/www.google.com\/maps\/dir\/?api=1&amp;destination=48.224394224616%2C-69.869992677122&amp;fbclid=IwAR09sXhWJtB-t1Y0tOKOD9db0qL_Li14zUvd-zTh5PGhG-KEOETqv1Op7to\" target=\"_blank\">Sacr\u00e9-Coeur-Saguenay, QC<\/a>, <a rel=\"noreferrer noopener\" href=\"https:\/\/www.google.com\/maps\/dir\/?api=1&amp;destination=48.224394224616%2C-69.869992677122&amp;fbclid=IwAR09sXhWJtB-t1Y0tOKOD9db0qL_Li14zUvd-zTh5PGhG-KEOETqv1Op7to\" target=\"_blank\">G0T 1Y0<\/a><\/p>\n\n\n\n<p>(418) 236-9544<br><a href=\"mailto:canopeelit@gmail.com\">canopeelit@gmail.com<\/a><\/p>\n<\/div>\n\n\n\n<div class=\"wp-block-column is-layout-flow wp-block-column-is-layout-flow\"><\/div>\n<\/div>\n\n\n\n<p><\/p>","protected":false},"excerpt":{"rendered":"<p>BIENVENUE \u00c0 NOTRE BOUTIQUE DE SACR\u00c9-COEUR !! Sentiers am\u00e9nag\u00e9s et\/ou balade sur le bord du Fjord du Saguenay!! Tentez l'exp\u00e9rience hivernale avec un de nos v\u00e9lo de type Fat Bike!! INFORMATIONS: OUVERT DE 9H00 \u00c0 17H00 303 Chemin de l'Anse de Roche,Sacr\u00e9-Coeur-Saguenay, QC, G0T 1Y0 (418) 236-9544canopeelit@gmail.com<\/p>","protected":false},"author":1,"featured_media":0,"parent":0,"menu_order":0,"comment_status":"closed","ping_status":"closed","template":"","meta":{"footnotes":""},"_links":{"self":[{"href":"https:\/\/veloego.com\/en\/wp-json\/wp\/v2\/pages\/466"}],"collection":[{"href":"https:\/\/veloego.com\/en\/wp-json\/wp\/v2\/pages"}],"about":[{"href":"https:\/\/veloego.com\/en\/wp-json\/wp\/v2\/types\/page"}],"author":[{"embeddable":true,"href":"https:\/\/veloego.com\/en\/wp-json\/wp\/v2\/users\/1"}],"replies":[{"embeddable":true,"href":"https:\/\/veloego.com\/en\/wp-json\/wp\/v2\/comments?post=466"}],"version-history":[{"count":1,"href":"https:\/\/veloego.com\/en\/wp-json\/wp\/v2\/pages\/466\/revisions"}],"predecessor-version":[{"id":681,"href":"https:\/\/veloego.com\/en\/wp-json\/wp\/v2\/pages\/466\/revisions\/681"}],"wp:attachment":[{"href":"https:\/\/veloego.com\/en\/wp-json\/wp\/v2\/media?parent=466"}],"curies":[{"name":"wp","href":"https:\/\/api.w.org\/{rel}","templated":true}]}}