{"id":209,"date":"2022-03-28T01:36:55","date_gmt":"2022-03-28T01:36:55","guid":{"rendered":"http:\/\/localhost:8888\/wordpress\/?page_id=209"},"modified":"2024-04-22T16:40:58","modified_gmt":"2024-04-22T16:40:58","slug":"contact-2","status":"publish","type":"page","link":"https:\/\/veloego.com\/en\/contact-2\/","title":{"rendered":"Contact"},"content":{"rendered":"<div class=\"wp-block-columns is-layout-flex wp-container-3 wp-block-columns-is-layout-flex\">\n<div class=\"wp-block-column is-layout-flow wp-block-column-is-layout-flow\"><div class=\"wp-block-image\">\n<figure class=\"alignright size-large is-resized\"><img decoding=\"async\" loading=\"lazy\" width=\"768\" height=\"1024\" src=\"http:\/\/veloego.com\/wp-content\/uploads\/2022\/04\/E-GO-SC-2-768x1024.jpg\" alt=\"\" class=\"wp-image-613\" style=\"width:192px;height:256px\" srcset=\"https:\/\/veloego.com\/wp-content\/uploads\/2022\/04\/E-GO-SC-2-768x1024.jpg 768w, https:\/\/veloego.com\/wp-content\/uploads\/2022\/04\/E-GO-SC-2-225x300.jpg 225w, https:\/\/veloego.com\/wp-content\/uploads\/2022\/04\/E-GO-SC-2-1152x1536.jpg 1152w, https:\/\/veloego.com\/wp-content\/uploads\/2022\/04\/E-GO-SC-2.jpg 1536w\" sizes=\"(max-width: 768px) 100vw, 768px\" \/><\/figure><\/div><\/div>\n\n\n\n<div class=\"wp-block-column is-layout-flow wp-block-column-is-layout-flow\">\n<p><strong>SACR\u00c9-COEUR<\/strong><\/p>\n\n\n\n<p>OPEN: 9H00 \u00c0 17H00<\/p>\n\n\n\n<p><a rel=\"noreferrer noopener\" href=\"https:\/\/www.google.com\/maps\/dir\/?api=1&amp;destination=48.224394224616%2C-69.869992677122&amp;fbclid=IwAR09sXhWJtB-t1Y0tOKOD9db0qL_Li14zUvd-zTh5PGhG-KEOETqv1Op7to\" target=\"_blank\">303 Chemin de l'Anse de Roche, <\/a><br><a rel=\"noreferrer noopener\" href=\"https:\/\/www.google.com\/maps\/dir\/?api=1&amp;destination=48.224394224616%2C-69.869992677122&amp;fbclid=IwAR09sXhWJtB-t1Y0tOKOD9db0qL_Li14zUvd-zTh5PGhG-KEOETqv1Op7to\" target=\"_blank\">Sacr\u00e9-Coeur-Saguenay, QC<\/a>, <a rel=\"noreferrer noopener\" href=\"https:\/\/www.google.com\/maps\/dir\/?api=1&amp;destination=48.224394224616%2C-69.869992677122&amp;fbclid=IwAR09sXhWJtB-t1Y0tOKOD9db0qL_Li14zUvd-zTh5PGhG-KEOETqv1Op7to\" target=\"_blank\">G0T 1Y0<\/a> <\/p>\n\n\n\n<p>(418) 236-9544<br><a href=\"mailto:canopeelit@gmail.com\">canopeelit@gmail.com<\/a><\/p>\n<\/div>\n<\/div>\n\n\n\n<p><\/p>","protected":false},"excerpt":{"rendered":"<p>SACR\u00c9-COEUR OUVERT: 9H00 \u00c0 17H00 303 Chemin de l'Anse de Roche, Sacr\u00e9-Coeur-Saguenay, QC, G0T 1Y0 (418) 236-9544canopeelit@gmail.com<\/p>","protected":false},"author":1,"featured_media":0,"parent":0,"menu_order":0,"comment_status":"closed","ping_status":"closed","template":"","meta":{"footnotes":""},"_links":{"self":[{"href":"https:\/\/veloego.com\/en\/wp-json\/wp\/v2\/pages\/209"}],"collection":[{"href":"https:\/\/veloego.com\/en\/wp-json\/wp\/v2\/pages"}],"about":[{"href":"https:\/\/veloego.com\/en\/wp-json\/wp\/v2\/types\/page"}],"author":[{"embeddable":true,"href":"https:\/\/veloego.com\/en\/wp-json\/wp\/v2\/users\/1"}],"replies":[{"embeddable":true,"href":"https:\/\/veloego.com\/en\/wp-json\/wp\/v2\/comments?post=209"}],"version-history":[{"count":5,"href":"https:\/\/veloego.com\/en\/wp-json\/wp\/v2\/pages\/209\/revisions"}],"predecessor-version":[{"id":802,"href":"https:\/\/veloego.com\/en\/wp-json\/wp\/v2\/pages\/209\/revisions\/802"}],"wp:attachment":[{"href":"https:\/\/veloego.com\/en\/wp-json\/wp\/v2\/media?parent=209"}],"curies":[{"name":"wp","href":"https:\/\/api.w.org\/{rel}","templated":true}]}}