{"id":208,"date":"2022-03-28T01:36:55","date_gmt":"2022-03-28T01:36:55","guid":{"rendered":"http:\/\/localhost:8888\/wordpress\/?page_id=208"},"modified":"2023-09-25T20:54:17","modified_gmt":"2023-09-25T20:54:17","slug":"reparations","status":"publish","type":"page","link":"https:\/\/veloego.com\/en\/reparations\/","title":{"rendered":"Repair"},"content":{"rendered":"<div class=\"wp-block-image\">\n<figure class=\"aligncenter size-large\"><img decoding=\"async\" loading=\"lazy\" width=\"1024\" height=\"332\" src=\"http:\/\/veloego.com\/wp-content\/uploads\/2022\/04\/reparation6-1024x332.jpg\" alt=\"\" class=\"wp-image-633\" srcset=\"https:\/\/veloego.com\/wp-content\/uploads\/2022\/04\/reparation6-1024x332.jpg 1024w, https:\/\/veloego.com\/wp-content\/uploads\/2022\/04\/reparation6-300x97.jpg 300w, https:\/\/veloego.com\/wp-content\/uploads\/2022\/04\/reparation6-768x249.jpg 768w, https:\/\/veloego.com\/wp-content\/uploads\/2022\/04\/reparation6-1536x498.jpg 1536w, https:\/\/veloego.com\/wp-content\/uploads\/2022\/04\/reparation6-18x6.jpg 18w, https:\/\/veloego.com\/wp-content\/uploads\/2022\/04\/reparation6.jpg 2048w\" sizes=\"(max-width: 1024px) 100vw, 1024px\" \/><\/figure><\/div>\n\n\n<figure class=\"wp-block-table is-style-stripes\"><table><tbody><tr><td><strong>SERVICES<\/strong><\/td><td class=\"has-text-align-right\" data-align=\"right\"><strong>PRICES<\/strong><\/td><\/tr><tr><td>BASE MAINTENANCE :<br><br>- Brakes adjudsment<br>- Bike gear adjustment<br>- Tires pressure adjustment<br>- Bolts check<br>- Bike cleaning<\/td><td class=\"has-text-align-right\" data-align=\"right\">59,99$<\/td><\/tr><tr><td>ENTRETIEN COMPLET :<br><br>- Brakes adjudsment<br>- Bike gear adjustment<br>- Tires pressure adjustment<br>- Bolts check<br>- Bike cleaning<br>- Wheel alignment<br>- Chain cleaning and oiling<br>- Crank lubrication<br>- Gears and crankset cleaning<\/td><td class=\"has-text-align-right\" data-align=\"right\">79,99$<\/td><\/tr><tr><td>Installation and adjustment of brake pads units (brake pads not included)<\/td><td class=\"has-text-align-right\" data-align=\"right\">14,99$<\/td><\/tr><tr><td>Ajustement d\u00e9railleur avant ou arri\u00e8re<\/td><td class=\"has-text-align-right\" data-align=\"right\">19,99$<\/td><\/tr><tr><td>Adjusting the forward or reverse brakes<\/td><td class=\"has-text-align-right\" data-align=\"right\">14,99$<\/td><\/tr><tr><td>Suspension adjustment<\/td><td class=\"has-text-align-right\" data-align=\"right\">19,99$<\/td><\/tr><tr><td>Installation of chain (chain not included)<\/td><td class=\"has-text-align-right\" data-align=\"right\">9,99$<\/td><\/tr><tr><td>Change of front or rear bike derailleur (derailleur not included)<\/td><td class=\"has-text-align-right\" data-align=\"right\">24,99$<\/td><\/tr><tr><td>Change and adjustment of speed or brake cable (cable not included)<\/td><td class=\"has-text-align-right\" data-align=\"right\">29,99$<\/td><\/tr><tr><td>Change tire and tube (tire and tube not included)<\/td><td class=\"has-text-align-right\" data-align=\"right\">9,99$<\/td><\/tr><tr><td>Ordinary tire fitting (pair)<\/td><td class=\"has-text-align-right\" data-align=\"right\">14,99$<\/td><\/tr><tr><td>Alignement de roue<\/td><td class=\"has-text-align-right\" data-align=\"right\">59,99$<\/td><\/tr><tr><td>Wheel assembly<\/td><td class=\"has-text-align-right\" data-align=\"right\">69,99$<\/td><\/tr><tr><td>Replacement of bicycle spokes (spokes not included). Price from <\/td><td class=\"has-text-align-right\" data-align=\"right\">24,99$<\/td><\/tr><tr><td>Hub reassembly (parts extra)<\/td><td class=\"has-text-align-right\" data-align=\"right\">24,99$<\/td><\/tr><tr><td>Hub lubrication<\/td><td class=\"has-text-align-right\" data-align=\"right\">24,99$<\/td><\/tr><tr><td>Crank lubrication<\/td><td class=\"has-text-align-right\" data-align=\"right\">24,99$<\/td><\/tr><tr><td>Remplacement de p\u00e9dalier (pi\u00e8ces en sus)<\/td><td class=\"has-text-align-right\" data-align=\"right\">29,99$<\/td><\/tr><tr><td>Hydraulic brake bleeding<\/td><td class=\"has-text-align-right\" data-align=\"right\">29,99$<\/td><\/tr><tr><td>Complete greasing (driving, hubs, cranksets, rollers, derailleurs)<\/td><td class=\"has-text-align-right\" data-align=\"right\">99,99$<\/td><\/tr><tr><td>Refitting the fork (parts extra)<\/td><td class=\"has-text-align-right\" data-align=\"right\">64,99$<\/td><\/tr><tr><td>Stem change (parts extra)<\/td><td class=\"has-text-align-right\" data-align=\"right\">19,99$<\/td><\/tr><tr><td>Installation pair of pedals (pedals not included) <\/td><td class=\"has-text-align-right\" data-align=\"right\">9,99$<\/td><\/tr><tr><td>Bar tape installation (bar tape not included)<\/td><td class=\"has-text-align-right\" data-align=\"right\">14,99$<\/td><\/tr><\/tbody><\/table><\/figure>","protected":false},"excerpt":{"rendered":"<p>SERVICES OFFERTS PRIX ENTRETIEN DE BASE : - Ajustement des freins- Ajustement vitesse- Ajustement pression des pneus- V\u00e9rification des boulons- Nettoyage v\u00e9lo 59,99$ ENTRETIEN COMPLET : - Ajustement des freins- Ajustement vitesse- Ajustement pression des pneus- V\u00e9rification des boulons- Nettoyage v\u00e9lo- Alignement des roues- Nettoyage et huilage de la chaine- Graissage du p\u00e9dalier- Nettoyage de [&hellip;]<\/p>","protected":false},"author":1,"featured_media":0,"parent":0,"menu_order":0,"comment_status":"closed","ping_status":"closed","template":"","meta":{"footnotes":""},"_links":{"self":[{"href":"https:\/\/veloego.com\/en\/wp-json\/wp\/v2\/pages\/208"}],"collection":[{"href":"https:\/\/veloego.com\/en\/wp-json\/wp\/v2\/pages"}],"about":[{"href":"https:\/\/veloego.com\/en\/wp-json\/wp\/v2\/types\/page"}],"author":[{"embeddable":true,"href":"https:\/\/veloego.com\/en\/wp-json\/wp\/v2\/users\/1"}],"replies":[{"embeddable":true,"href":"https:\/\/veloego.com\/en\/wp-json\/wp\/v2\/comments?post=208"}],"version-history":[{"count":7,"href":"https:\/\/veloego.com\/en\/wp-json\/wp\/v2\/pages\/208\/revisions"}],"predecessor-version":[{"id":793,"href":"https:\/\/veloego.com\/en\/wp-json\/wp\/v2\/pages\/208\/revisions\/793"}],"wp:attachment":[{"href":"https:\/\/veloego.com\/en\/wp-json\/wp\/v2\/media?parent=208"}],"curies":[{"name":"wp","href":"https:\/\/api.w.org\/{rel}","templated":true}]}}