{"id":207,"date":"2022-03-28T01:36:55","date_gmt":"2022-03-28T01:36:55","guid":{"rendered":"http:\/\/localhost:8888\/wordpress\/?page_id=207"},"modified":"2022-04-15T20:18:28","modified_gmt":"2022-04-15T20:18:28","slug":"vente","status":"publish","type":"page","link":"https:\/\/veloego.com\/en\/vente\/","title":{"rendered":"Sale"},"content":{"rendered":"<h2 class=\"wp-block-heading\">PARTS AND ACCESSORIES<\/h2>\n\n\n\n<figure class=\"wp-block-gallery has-nested-images columns-default is-cropped wp-block-gallery-1 is-layout-flex wp-block-gallery-is-layout-flex\">\n<figure class=\"wp-block-image size-full\"><img decoding=\"async\" loading=\"lazy\" width=\"380\" height=\"380\" data-id=\"644\" src=\"http:\/\/veloego.com\/wp-content\/uploads\/2022\/04\/cable_frein.jpg\" alt=\"\" class=\"wp-image-644\" srcset=\"https:\/\/veloego.com\/wp-content\/uploads\/2022\/04\/cable_frein.jpg 380w, https:\/\/veloego.com\/wp-content\/uploads\/2022\/04\/cable_frein-300x300.jpg 300w, https:\/\/veloego.com\/wp-content\/uploads\/2022\/04\/cable_frein-150x150.jpg 150w, https:\/\/veloego.com\/wp-content\/uploads\/2022\/04\/cable_frein-12x12.jpg 12w\" sizes=\"(max-width: 380px) 100vw, 380px\" \/><\/figure>\n\n\n\n<figure class=\"wp-block-image size-full\"><img decoding=\"async\" loading=\"lazy\" width=\"600\" height=\"600\" data-id=\"650\" src=\"http:\/\/veloego.com\/wp-content\/uploads\/2022\/04\/Plaquettes_freins.jpg\" alt=\"\" class=\"wp-image-650\" srcset=\"https:\/\/veloego.com\/wp-content\/uploads\/2022\/04\/Plaquettes_freins.jpg 600w, https:\/\/veloego.com\/wp-content\/uploads\/2022\/04\/Plaquettes_freins-300x300.jpg 300w, https:\/\/veloego.com\/wp-content\/uploads\/2022\/04\/Plaquettes_freins-150x150.jpg 150w, https:\/\/veloego.com\/wp-content\/uploads\/2022\/04\/Plaquettes_freins-12x12.jpg 12w\" sizes=\"(max-width: 600px) 100vw, 600px\" \/><\/figure>\n\n\n\n<figure class=\"wp-block-image size-large\"><img decoding=\"async\" loading=\"lazy\" width=\"1024\" height=\"1024\" data-id=\"672\" src=\"http:\/\/veloego.com\/wp-content\/uploads\/2022\/04\/pedale_velo-1-1024x1024.gif\" alt=\"\" class=\"wp-image-672\" srcset=\"https:\/\/veloego.com\/wp-content\/uploads\/2022\/04\/pedale_velo-1-1024x1024.gif 1024w, https:\/\/veloego.com\/wp-content\/uploads\/2022\/04\/pedale_velo-1-300x300.gif 300w, https:\/\/veloego.com\/wp-content\/uploads\/2022\/04\/pedale_velo-1-150x150.gif 150w, https:\/\/veloego.com\/wp-content\/uploads\/2022\/04\/pedale_velo-1-768x768.gif 768w, https:\/\/veloego.com\/wp-content\/uploads\/2022\/04\/pedale_velo-1-1536x1536.gif 1536w, https:\/\/veloego.com\/wp-content\/uploads\/2022\/04\/pedale_velo-1-12x12.gif 12w\" sizes=\"(max-width: 1024px) 100vw, 1024px\" \/><\/figure>\n<\/figure>\n\n\n\n<p>Find out more at our stores in Tadoussac (581) 327-1009 and Sacr\u00e9-Coeur (418) 236-9544<\/p>\n\n\n\n<h2 class=\"wp-block-heading\">BIKES FOR SALE<\/h2>\n\n\n<ul class=\"wp-block-latest-posts__list has-dates wp-block-latest-posts\"><\/ul>","protected":false},"excerpt":{"rendered":"<p>PI\u00c8CES ET ACCESSOIRES Informez-vous \u00e0 nos boutiques de Tadoussac (581) 327-1009 et de Sacr\u00e9-Coeur (418) 236-9544 V\u00c9LOS \u00c0 VENDRE<\/p>","protected":false},"author":1,"featured_media":0,"parent":0,"menu_order":0,"comment_status":"closed","ping_status":"closed","template":"","meta":{"footnotes":""},"_links":{"self":[{"href":"https:\/\/veloego.com\/en\/wp-json\/wp\/v2\/pages\/207"}],"collection":[{"href":"https:\/\/veloego.com\/en\/wp-json\/wp\/v2\/pages"}],"about":[{"href":"https:\/\/veloego.com\/en\/wp-json\/wp\/v2\/types\/page"}],"author":[{"embeddable":true,"href":"https:\/\/veloego.com\/en\/wp-json\/wp\/v2\/users\/1"}],"replies":[{"embeddable":true,"href":"https:\/\/veloego.com\/en\/wp-json\/wp\/v2\/comments?post=207"}],"version-history":[{"count":4,"href":"https:\/\/veloego.com\/en\/wp-json\/wp\/v2\/pages\/207\/revisions"}],"predecessor-version":[{"id":676,"href":"https:\/\/veloego.com\/en\/wp-json\/wp\/v2\/pages\/207\/revisions\/676"}],"wp:attachment":[{"href":"https:\/\/veloego.com\/en\/wp-json\/wp\/v2\/media?parent=207"}],"curies":[{"name":"wp","href":"https:\/\/api.w.org\/{rel}","templated":true}]}}