{"id":206,"date":"2022-03-28T01:36:55","date_gmt":"2022-03-28T01:36:55","guid":{"rendered":"http:\/\/localhost:8888\/wordpress\/?page_id=206"},"modified":"2023-05-03T16:59:18","modified_gmt":"2023-05-03T16:59:18","slug":"location","status":"publish","type":"page","link":"https:\/\/veloego.com\/en\/location\/","title":{"rendered":"Rental"},"content":{"rendered":"<h2 class=\"wp-block-heading\" id=\"aventure\"><strong>VIVEZ  L'AVENTURE<\/strong> !!<\/h2>\n\n\n\n<div class=\"wp-block-columns is-layout-flex wp-container-3 wp-block-columns-is-layout-flex\">\n<div class=\"wp-block-column is-layout-flow wp-block-column-is-layout-flow\">\n<figure class=\"wp-block-image size-large\"><img decoding=\"async\" loading=\"lazy\" width=\"1024\" height=\"594\" src=\"http:\/\/veloego.com\/wp-content\/uploads\/2022\/04\/Extreme-3-1024x594.png\" alt=\"\" class=\"wp-image-646\" srcset=\"https:\/\/veloego.com\/wp-content\/uploads\/2022\/04\/Extreme-3-1024x594.png 1024w, https:\/\/veloego.com\/wp-content\/uploads\/2022\/04\/Extreme-3-300x174.png 300w, https:\/\/veloego.com\/wp-content\/uploads\/2022\/04\/Extreme-3-768x445.png 768w, https:\/\/veloego.com\/wp-content\/uploads\/2022\/04\/Extreme-3-18x10.png 18w, https:\/\/veloego.com\/wp-content\/uploads\/2022\/04\/Extreme-3.png 1369w\" sizes=\"(max-width: 1024px) 100vw, 1024px\" \/><\/figure>\n\n\n\n<figure class=\"wp-block-image size-large\"><img decoding=\"async\" loading=\"lazy\" width=\"1024\" height=\"666\" src=\"https:\/\/veloego.com\/wp-content\/uploads\/2022\/05\/Core-Elite-3D-1024x666.png\" alt=\"\" class=\"wp-image-706\" srcset=\"https:\/\/veloego.com\/wp-content\/uploads\/2022\/05\/Core-Elite-3D-1024x666.png 1024w, https:\/\/veloego.com\/wp-content\/uploads\/2022\/05\/Core-Elite-3D-300x195.png 300w, https:\/\/veloego.com\/wp-content\/uploads\/2022\/05\/Core-Elite-3D-768x499.png 768w, https:\/\/veloego.com\/wp-content\/uploads\/2022\/05\/Core-Elite-3D-18x12.png 18w, https:\/\/veloego.com\/wp-content\/uploads\/2022\/05\/Core-Elite-3D.png 1143w\" sizes=\"(max-width: 1024px) 100vw, 1024px\" \/><\/figure>\n<\/div>\n\n\n\n<div class=\"wp-block-column is-layout-flow wp-block-column-is-layout-flow\">\n<figure class=\"wp-block-table is-style-stripes\"><table><tbody><tr><td><strong>EBIKE PRICES<\/strong><\/td><td><\/td><\/tr><tr><td>Non member adult<\/td><td><strong>35,00$\/hour<\/strong> <br>(+ 10$\/hour extra)<\/td><\/tr><tr><td>4 hours<\/td><td><strong>65$<\/strong><\/td><\/tr><tr><td>Day ( 8 hours)<\/td><td><strong>105$<\/strong><\/td><\/tr><tr><td>R\u00e9sident de Tadoussac<\/td><td><strong>- 15%<\/strong><\/td><\/tr><tr><td><\/td><td><\/td><\/tr><tr><td><strong>REGULAR BIKE PRICES<\/strong><\/td><td><\/td><\/tr><tr><td>1 hour<\/td><td><strong>10$<\/strong><br>(+5$ heure sup.<\/td><\/tr><tr><td>&nbsp;Day ( 8 hours)<\/td><td><strong>45$<\/strong><\/td><\/tr><\/tbody><\/table><\/figure>\n<\/div>\n<\/div>","protected":false},"excerpt":{"rendered":"<p>VIVEZ L'AVENTURE !! TARIFS V\u00c9LO \u00c9LECTRIQUE Non membre adulte 35,00$\/heure (+ 10$\/heure sup.) 4 heures 65$ Journ\u00e9e (8 heures) 105$ R\u00e9sident de Tadoussac - 15% TARIFS V\u00c9LO ORDINAIRE 1 heure 10$(+5$ heure sup. &nbsp;Journ\u00e9e (8 heures) 45$<\/p>","protected":false},"author":1,"featured_media":0,"parent":0,"menu_order":0,"comment_status":"closed","ping_status":"closed","template":"","meta":{"footnotes":""},"_links":{"self":[{"href":"https:\/\/veloego.com\/en\/wp-json\/wp\/v2\/pages\/206"}],"collection":[{"href":"https:\/\/veloego.com\/en\/wp-json\/wp\/v2\/pages"}],"about":[{"href":"https:\/\/veloego.com\/en\/wp-json\/wp\/v2\/types\/page"}],"author":[{"embeddable":true,"href":"https:\/\/veloego.com\/en\/wp-json\/wp\/v2\/users\/1"}],"replies":[{"embeddable":true,"href":"https:\/\/veloego.com\/en\/wp-json\/wp\/v2\/comments?post=206"}],"version-history":[{"count":11,"href":"https:\/\/veloego.com\/en\/wp-json\/wp\/v2\/pages\/206\/revisions"}],"predecessor-version":[{"id":766,"href":"https:\/\/veloego.com\/en\/wp-json\/wp\/v2\/pages\/206\/revisions\/766"}],"wp:attachment":[{"href":"https:\/\/veloego.com\/en\/wp-json\/wp\/v2\/media?parent=206"}],"curies":[{"name":"wp","href":"https:\/\/api.w.org\/{rel}","templated":true}]}}