{"id":143,"date":"2022-03-27T20:10:55","date_gmt":"2022-03-27T20:10:55","guid":{"rendered":"http:\/\/localhost:8888\/wordpress\/?page_id=143"},"modified":"2024-06-17T20:40:10","modified_gmt":"2024-06-17T20:40:10","slug":"__trashed-4__trashed","status":"publish","type":"page","link":"https:\/\/veloego.com\/en\/","title":{"rendered":"HOME"},"content":{"rendered":"<p class=\"has-text-align-center\" style=\"font-size:26px\"><strong>CLOSED IN TADOUSSAC FOR THE 2024 SEASON...<\/strong><\/p>\n\n\n\n<hr class=\"wp-block-separator has-text-color has-black-color has-css-opacity has-black-background-color has-background is-style-wide\"\/>\n\n\n\n<div class=\"wp-block-columns is-layout-flex wp-container-5 wp-block-columns-is-layout-flex\">\n<div class=\"wp-block-column is-layout-flow wp-block-column-is-layout-flow\">\n<h4 class=\"wp-block-heading has-text-align-center\">BIKE REPAIR<\/h4>\n\n\n<div class=\"wp-block-image is-resized border is-style-default\">\n<figure class=\"aligncenter size-full\"><img decoding=\"async\" loading=\"lazy\" width=\"150\" height=\"150\" src=\"http:\/\/veloego.com\/wp-content\/uploads\/2022\/04\/maintenance.png\" alt=\"\" class=\"wp-image-648\" srcset=\"https:\/\/veloego.com\/wp-content\/uploads\/2022\/04\/maintenance.png 150w, https:\/\/veloego.com\/wp-content\/uploads\/2022\/04\/maintenance-12x12.png 12w\" sizes=\"(max-width: 150px) 100vw, 150px\" \/><\/figure><\/div>\n\n\n<p>Maintenance or repair of bicycles (electric or not).\nBy appointment only. <strong>Sur rendez-vous seulement<\/strong>.<\/p>\n\n\n\n<p><strong>Sacr\u00e9-Coeur<\/strong>  : (418) 236-9544<\/p>\n\n\n\n<div class=\"wp-block-buttons is-layout-flex wp-block-buttons-is-layout-flex\">\n<div class=\"wp-block-button is-style-outline\"><a class=\"wp-block-button__link no-border-radius wp-element-button\" href=\"https:\/\/veloego.com\/en\/reparations\/\">Read more<\/a><\/div>\n<\/div>\n\n\n\n<div style=\"height:20px\" aria-hidden=\"true\" class=\"wp-block-spacer\"><\/div>\n<\/div>\n\n\n\n<div class=\"wp-block-column is-layout-flow wp-block-column-is-layout-flow\">\n<h4 class=\"wp-block-heading has-text-align-center\">SACR\u00c9-COEUR SHOP BIKE<\/h4>\n\n\n\n<figure class=\"wp-block-image size-large border is-style-default\"><img decoding=\"async\" loading=\"lazy\" width=\"1536\" height=\"1537\" src=\"http:\/\/veloego.com\/wp-content\/uploads\/2022\/04\/E-GO-SC-2-edited.jpg\" alt=\"\" class=\"wp-image-654\" srcset=\"https:\/\/veloego.com\/wp-content\/uploads\/2022\/04\/E-GO-SC-2-edited.jpg 1536w, https:\/\/veloego.com\/wp-content\/uploads\/2022\/04\/E-GO-SC-2-edited-300x300.jpg 300w, https:\/\/veloego.com\/wp-content\/uploads\/2022\/04\/E-GO-SC-2-edited-1024x1024.jpg 1024w, https:\/\/veloego.com\/wp-content\/uploads\/2022\/04\/E-GO-SC-2-edited-150x150.jpg 150w, https:\/\/veloego.com\/wp-content\/uploads\/2022\/04\/E-GO-SC-2-edited-768x769.jpg 768w, https:\/\/veloego.com\/wp-content\/uploads\/2022\/04\/E-GO-SC-2-edited-12x12.jpg 12w\" sizes=\"(max-width: 1536px) 100vw, 1536px\" \/><\/figure>\n\n\n\n<p>Visit the enchanting setting of Anse-de-Roche!! Located just 20 minutes from Tadoussac, go and discover the beauties of the Fjord!!<\/p>\n\n\n\n<p><strong>OPEN from 9H00 to 17H00, even in winter!!<\/strong> <\/p>\n\n\n\n<div class=\"wp-block-buttons is-layout-flex wp-block-buttons-is-layout-flex\">\n<div class=\"wp-block-button is-style-outline\"><a class=\"wp-block-button__link no-border-radius wp-element-button\" href=\"https:\/\/veloego.com\/en\/sacre-coeur\/\">Read more<\/a><\/div>\n<\/div>\n\n\n\n<div style=\"height:20px\" aria-hidden=\"true\" class=\"wp-block-spacer\"><\/div>\n<\/div>\n<\/div>\n\n\n\n<hr class=\"wp-block-separator aligncenter has-alpha-channel-opacity\"\/>\n\n\n<ul class=\"wp-block-latest-posts__list has-dates wp-block-latest-posts\"><\/ul>","protected":false},"excerpt":{"rendered":"<p>MALHEUREUSEMENT FERM\u00c9 \u00c0 TADOUSSAC POUR LA SAISON 2024... R\u00c9PARATION DE V\u00c9LOS Maintenance ou r\u00e9paration de v\u00e9los (\u00e9lectriques ou non). Sur rendez-vous seulement. Sacr\u00e9-Coeur : (418) 236-9544 BOUTIQUE DE SACR\u00c9-COEUR Visitez le d\u00e9cor enchanteur de l'Anse-de-Roche!! Situ\u00e9 \u00e0 seulement 20 minutes de Tadoussac, partez d\u00e9couvrir les beaut\u00e9s du Fjord!! Ouvert de 9h00 \u00e0 17h00, m\u00eame en \u2026 <a href=\"https:\/\/veloego.com\/en\/\" rel=\"noopener noreferrer\">Read more<\/a><\/p>","protected":false},"author":1,"featured_media":0,"parent":0,"menu_order":0,"comment_status":"closed","ping_status":"closed","template":"","meta":{"footnotes":""},"_links":{"self":[{"href":"https:\/\/veloego.com\/en\/wp-json\/wp\/v2\/pages\/143"}],"collection":[{"href":"https:\/\/veloego.com\/en\/wp-json\/wp\/v2\/pages"}],"about":[{"href":"https:\/\/veloego.com\/en\/wp-json\/wp\/v2\/types\/page"}],"author":[{"embeddable":true,"href":"https:\/\/veloego.com\/en\/wp-json\/wp\/v2\/users\/1"}],"replies":[{"embeddable":true,"href":"https:\/\/veloego.com\/en\/wp-json\/wp\/v2\/comments?post=143"}],"version-history":[{"count":38,"href":"https:\/\/veloego.com\/en\/wp-json\/wp\/v2\/pages\/143\/revisions"}],"predecessor-version":[{"id":807,"href":"https:\/\/veloego.com\/en\/wp-json\/wp\/v2\/pages\/143\/revisions\/807"}],"wp:attachment":[{"href":"https:\/\/veloego.com\/en\/wp-json\/wp\/v2\/media?parent=143"}],"curies":[{"name":"wp","href":"https:\/\/api.w.org\/{rel}","templated":true}]}}